{"id":434,"date":"2021-07-04T16:48:18","date_gmt":"2021-07-04T19:48:18","guid":{"rendered":"https:\/\/relacionamentoadois.com.br\/para-acreditar-e-atrair-o-parceiro-ideal-para-um-relacionamento-feliz\/?page_id=434"},"modified":"2021-08-02T19:49:04","modified_gmt":"2021-08-02T22:49:04","slug":"como-estar-prontao-para-um-relacionamento","status":"publish","type":"page","link":"https:\/\/relacionamentoadois.com.br\/para-acreditar-e-atrair-o-parceiro-ideal-para-um-relacionamento-feliz\/como-estar-prontao-para-um-relacionamento\/","title":{"rendered":"COMO ESTAR PRONTA(O) PARA UM RELACIONAMENTO"},"content":{"rendered":"<div class=\"224e4c11d515394d8b05e48ab689b852\" data-index=\"4\" style=\"float: none; margin:10px 0 10px 0; text-align:center;\">\n<script async src=\"\/\/pagead2.googlesyndication.com\/pagead\/js\/adsbygoogle.js\"><\/script>\r\n<!-- adscomlink -->\r\n<ins class=\"adsbygoogle\"\r\n     style=\"display:inline-block;width:728px;height:15px\"\r\n     data-ad-client=\"ca-pub-6200321481784614\"\r\n     data-ad-slot=\"8428933884\"><\/ins>\r\n<script>\r\n(adsbygoogle = window.adsbygoogle || []).push({});\r\n<\/script>\n<\/div>\n\t\t<div data-elementor-type=\"wp-page\" data-elementor-id=\"434\" class=\"elementor elementor-434\">\n\t\t\t\t\t\t<section class=\"elementor-section elementor-top-section elementor-element elementor-element-87a11e4 elementor-section-boxed elementor-section-height-default elementor-section-height-default\" data-id=\"87a11e4\" data-element_type=\"section\" data-e-type=\"section\" data-settings=\"{&quot;background_background&quot;:&quot;classic&quot;}\">\n\t\t\t\t\t\t<div class=\"elementor-container elementor-column-gap-default\">\n\t\t\t\t\t<div class=\"elementor-column elementor-col-100 elementor-top-column elementor-element elementor-element-c3144af\" data-id=\"c3144af\" data-element_type=\"column\" data-e-type=\"column\">\n\t\t\t<div class=\"elementor-widget-wrap elementor-element-populated\">\n\t\t\t\t\t\t<div class=\"elementor-element elementor-element-93c488c elementor-widget elementor-widget-text-editor\" data-id=\"93c488c\" data-element_type=\"widget\" data-e-type=\"widget\" data-widget_type=\"text-editor.default\">\n\t\t\t\t<div class=\"elementor-widget-container\">\n\t\t\t\t\t\t\t\t\t<p>ACREDITE E ATRAIA O PARCEIRO IDEAL PARA UM RELACIONAMENTO FELIZ SOZINHA NUNCA MAIS&#8230;saiba como reconquistar ou se preparar para um Relacionamento saud\u00e1vel&#8230;\nAMOR E ATRA\u00c7\u00c3O \u00c9 O QUE VOC\u00ca PRECISA PARA MUDAR SUA VIDA<\/p>\t\t\t\t\t\t\t\t<\/div>\n\t\t\t\t<\/div>\n\t\t\t\t<div class=\"elementor-element elementor-element-1e7df6f elementor-widget elementor-widget-image\" data-id=\"1e7df6f\" data-element_type=\"widget\" data-e-type=\"widget\" data-widget_type=\"image.default\">\n\t\t\t\t<div class=\"elementor-widget-container\">\n\t\t\t\t\t\t\t\t\t\t\t\t\t\t\t\t<a href=\"https:\/\/i0.wp.com\/relacionamentoadois.com.br\/wp-content\/uploads\/2014\/05\/casalfashion2.jpg?ssl=1\" data-elementor-open-lightbox=\"yes\" data-elementor-lightbox-title=\"casalfashion2\" data-e-action-hash=\"#elementor-action%3Aaction%3Dlightbox%26settings%3DeyJpZCI6MTc0LCJ1cmwiOiJodHRwczpcL1wvcmVsYWNpb25hbWVudG9hZG9pcy5jb20uYnJcL3dwLWNvbnRlbnRcL3VwbG9hZHNcLzIwMTRcLzA1XC9jYXNhbGZhc2hpb24yLmpwZyJ9\">\n\t\t\t\t\t\t\t<img decoding=\"async\" src=\"https:\/\/i0.wp.com\/relacionamentoadois.com.br\/wp-content\/uploads\/2014\/05\/casalfashion2.jpg?fit=100%2C180&#038;ssl=1\" title=\"casalfashion2\" alt=\"namorados famosos\" loading=\"lazy\" \/>\t\t\t\t\t\t\t\t<\/a>\n\t\t\t\t\t\t\t\t\t\t\t\t\t\t\t<\/div>\n\t\t\t\t<\/div>\n\t\t\t\t<div class=\"elementor-element elementor-element-902455d elementor-align-justify elementor-button-success elementor-widget elementor-widget-button\" data-id=\"902455d\" data-element_type=\"widget\" data-e-type=\"widget\" data-widget_type=\"button.default\">\n\t\t\t\t<div class=\"elementor-widget-container\">\n\t\t\t\t\t\t\t\t\t<div class=\"elementor-button-wrapper\">\n\t\t\t\t\t<a class=\"elementor-button elementor-button-link elementor-size-md\" href=\"http:\/\/robertodantas.way.live\/relacionamentoadoisb\">\n\t\t\t\t\t\t<span class=\"elementor-button-content-wrapper\">\n\t\t\t\t\t\t\t\t\t<span class=\"elementor-button-text\">SIM, QUERO  ATRAIR UM AMOR  E MUDAR MINHA VIDA<\/span>\n\t\t\t\t\t<\/span>\n\t\t\t\t\t<\/a>\n\t\t\t\t<\/div>\n\t\t\t\t\t\t\t\t<\/div>\n\t\t\t\t<\/div>\n\t\t\t\t\t<\/div>\n\t\t<\/div>\n\t\t\t\t\t<\/div>\n\t\t<\/section>\n\t\t\t\t<section class=\"elementor-section elementor-top-section elementor-element elementor-element-1a4d7ac elementor-section-boxed elementor-section-height-default elementor-section-height-default\" data-id=\"1a4d7ac\" data-element_type=\"section\" data-e-type=\"section\">\n\t\t\t\t\t\t<div class=\"elementor-container elementor-column-gap-default\">\n\t\t\t\t\t<div class=\"elementor-column elementor-col-100 elementor-top-column elementor-element elementor-element-3e24423\" data-id=\"3e24423\" data-element_type=\"column\" data-e-type=\"column\">\n\t\t\t<div class=\"elementor-widget-wrap\">\n\t\t\t\t\t\t\t<\/div>\n\t\t<\/div>\n\t\t\t\t\t<\/div>\n\t\t<\/section>\n\t\t\t\t<\/div>\n\t\t\n<div style=\"font-size: 0px; height: 0px; line-height: 0px; margin: 0; padding: 0; clear: both;\"><\/div>","protected":false},"excerpt":{"rendered":"<p>ACREDITE E ATRAIA O PARCEIRO IDEAL PARA UM RELACIONAMENTO FELIZ SOZINHA NUNCA MAIS&#8230;saiba como reconquistar ou se preparar para um Relacionamento saud\u00e1vel&#8230; AMOR E ATRA\u00c7\u00c3O \u00c9 O QUE VOC\u00ca PRECISA PARA MUDAR SUA VIDA SIM, QUERO ATRAIR UM AMOR E MUDAR MINHA VIDA<\/p>\n","protected":false},"author":1,"featured_media":0,"parent":0,"menu_order":0,"comment_status":"closed","ping_status":"closed","template":"","meta":{"footnotes":""},"class_list":["post-434","page","type-page","status-publish","hentry"],"jetpack_sharing_enabled":true,"_links":{"self":[{"href":"https:\/\/relacionamentoadois.com.br\/para-acreditar-e-atrair-o-parceiro-ideal-para-um-relacionamento-feliz\/wp-json\/wp\/v2\/pages\/434","targetHints":{"allow":["GET"]}}],"collection":[{"href":"https:\/\/relacionamentoadois.com.br\/para-acreditar-e-atrair-o-parceiro-ideal-para-um-relacionamento-feliz\/wp-json\/wp\/v2\/pages"}],"about":[{"href":"https:\/\/relacionamentoadois.com.br\/para-acreditar-e-atrair-o-parceiro-ideal-para-um-relacionamento-feliz\/wp-json\/wp\/v2\/types\/page"}],"author":[{"embeddable":true,"href":"https:\/\/relacionamentoadois.com.br\/para-acreditar-e-atrair-o-parceiro-ideal-para-um-relacionamento-feliz\/wp-json\/wp\/v2\/users\/1"}],"replies":[{"embeddable":true,"href":"https:\/\/relacionamentoadois.com.br\/para-acreditar-e-atrair-o-parceiro-ideal-para-um-relacionamento-feliz\/wp-json\/wp\/v2\/comments?post=434"}],"version-history":[{"count":48,"href":"https:\/\/relacionamentoadois.com.br\/para-acreditar-e-atrair-o-parceiro-ideal-para-um-relacionamento-feliz\/wp-json\/wp\/v2\/pages\/434\/revisions"}],"predecessor-version":[{"id":584,"href":"https:\/\/relacionamentoadois.com.br\/para-acreditar-e-atrair-o-parceiro-ideal-para-um-relacionamento-feliz\/wp-json\/wp\/v2\/pages\/434\/revisions\/584"}],"wp:attachment":[{"href":"https:\/\/relacionamentoadois.com.br\/para-acreditar-e-atrair-o-parceiro-ideal-para-um-relacionamento-feliz\/wp-json\/wp\/v2\/media?parent=434"}],"curies":[{"name":"wp","href":"https:\/\/api.w.org\/{rel}","templated":true}]}}