{"id":568,"date":"2021-07-29T19:18:36","date_gmt":"2021-07-29T22:18:36","guid":{"rendered":"https:\/\/relacionamentoadois.com.br\/para-acreditar-e-atrair-o-parceiro-ideal-para-um-relacionamento-feliz\/?page_id=568"},"modified":"2021-09-23T08:41:00","modified_gmt":"2021-09-23T11:41:00","slug":"politica-de-privacidade","status":"publish","type":"page","link":"https:\/\/relacionamentoadois.com.br\/para-acreditar-e-atrair-o-parceiro-ideal-para-um-relacionamento-feliz\/politica-de-privacidade\/","title":{"rendered":"POLITICA DE PRIVACIDADE"},"content":{"rendered":"<div class=\"224e4c11d515394d8b05e48ab689b852\" data-index=\"4\" style=\"float: none; margin:10px 0 10px 0; text-align:center;\">\n<script async src=\"\/\/pagead2.googlesyndication.com\/pagead\/js\/adsbygoogle.js\"><\/script>\r\n<!-- adscomlink -->\r\n<ins class=\"adsbygoogle\"\r\n     style=\"display:inline-block;width:728px;height:15px\"\r\n     data-ad-client=\"ca-pub-6200321481784614\"\r\n     data-ad-slot=\"8428933884\"><\/ins>\r\n<script>\r\n(adsbygoogle = window.adsbygoogle || []).push({});\r\n<\/script>\n<\/div>\n\t\t<div data-elementor-type=\"wp-page\" data-elementor-id=\"568\" class=\"elementor elementor-568\">\n\t\t\t\t\t\t<section class=\"elementor-section elementor-top-section elementor-element elementor-element-03d373f elementor-section-full_width elementor-section-height-default elementor-section-height-default\" data-id=\"03d373f\" data-element_type=\"section\" data-e-type=\"section\">\n\t\t\t\t\t\t<div class=\"elementor-container elementor-column-gap-default\">\n\t\t\t\t\t<div class=\"elementor-column elementor-col-100 elementor-top-column elementor-element elementor-element-cf22de9\" data-id=\"cf22de9\" data-element_type=\"column\" data-e-type=\"column\">\n\t\t\t<div class=\"elementor-widget-wrap elementor-element-populated\">\n\t\t\t\t\t\t<div class=\"elementor-element elementor-element-8eb6da8 elementor-widget elementor-widget-text-editor\" data-id=\"8eb6da8\" data-element_type=\"widget\" data-e-type=\"widget\" data-widget_type=\"text-editor.default\">\n\t\t\t\t<div class=\"elementor-widget-container\">\n\t\t\t\t\t\t\t\t\t<p style=\"margin-bottom: 30pt; text-align: justify; text-indent: 35.4pt; line-height: 15pt; background-image: initial; background-position: initial; background-size: initial; background-repeat: initial; background-attachment: initial; background-origin: initial; background-clip: initial;\"><span style=\"font-size:12.0pt; font-family:&quot;Arial&quot;,sans-serif;mso-fareast-font-family:&quot;Times New Roman&quot;; color:#333333;mso-fareast-language:PT-BR\">As informa\u00e7\u00f5es contidas neste site&nbsp;s\u00e3o publicadas exclusivamente para fins informativos e n\u00e3o podem ser<br \/>consideradas como aconselhamento m\u00e9dico, psiqui\u00e1trico ou psicol\u00f3gico pessoal.<\/span><\/p>\n<p style=\"margin-bottom: 30pt; text-align: justify; text-indent: 35.4pt; line-height: 15pt; background-image: initial; background-position: initial; background-size: initial; background-repeat: initial; background-attachment: initial; background-origin: initial; background-clip: initial;\"><span style=\"color: rgb(51, 51, 51); font-family: Arial, sans-serif; font-size: 12pt; text-indent: 35.4pt;\">O editor deste conte\u00fado n\u00e3o \u00e9 da \u00e1rea&nbsp;<\/span><span style=\"font-size: 12pt; text-indent: 35.4pt; font-family: Arial, sans-serif; color: rgb(51, 51, 51);\">de sa\u00fade e n\u00e3o pratica a<\/span><span style=\"font-size: 12pt; text-indent: 35.4pt; font-family: Arial, sans-serif; color: rgb(36, 42, 46); background: rgb(246, 247, 248);\"> segmenta\u00e7\u00e3o dos profissionais que se dedicam&nbsp;<\/span><span style=\"font-size: 12pt; text-indent: 35.4pt; font-family: Arial, sans-serif; color: rgb(36, 42, 46); background: rgb(246, 247, 248);\">aos cuidados e \u00e0 repara\u00e7\u00e3o de problemas relativos \u00e0 sa\u00fade mental <\/span><span style=\"font-size: 12pt; text-indent: 35.4pt; font-family: Arial, sans-serif; color: rgb(51, 51, 51);\">&nbsp;a qualquer t\u00edtulo ou qualquer outra profiss\u00e3o&nbsp;<\/span><span style=\"color: rgb(51, 51, 51); font-family: Arial, sans-serif; font-size: 12pt; text-indent: 35.4pt;\">terap\u00eautica.<\/span><\/p>\n<p style=\"margin-bottom: 30pt; text-align: justify; text-indent: 35.4pt; line-height: 15pt; background-image: initial; background-position: initial; background-size: initial; background-repeat: initial; background-attachment: initial; background-origin: initial; background-clip: initial;\"><span style=\"font-size:12.0pt; font-family:&quot;Arial&quot;,sans-serif;mso-fareast-font-family:&quot;Times New Roman&quot;; color:#333333;mso-fareast-language:PT-BR\">&nbsp;Apenas expressa sua opini\u00e3o baseado em&nbsp;pesquisas de livros sobre Relacionamentos interpessoais, experi\u00eancias pessoais,&nbsp;dados e fatos apresentados sempre na \u00e1rea de Relacionamentos e conte\u00fado&nbsp;informativo dispon\u00edvel ao p\u00fablico, considerados confi\u00e1veis na data de&nbsp;publica\u00e7\u00e3o.<o:p><\/o:p><\/span><\/p>\n<p style=\"margin-bottom: 30pt; text-align: justify; text-indent: 35.4pt; line-height: 15pt; background-image: initial; background-position: initial; background-size: initial; background-repeat: initial; background-attachment: initial; background-origin: initial; background-clip: initial;\"><span style=\"font-size:12.0pt; font-family:&quot;Arial&quot;,sans-serif;mso-fareast-font-family:&quot;Times New Roman&quot;; color:#333333;mso-fareast-language:PT-BR\">&nbsp; Posto que as opini\u00f5es nascem de&nbsp;julgamentos e <b>estimativas<\/b>, est\u00e3o sujeitas a mudan\u00e7a. O editor deste conte\u00fado&nbsp;\u00e9 Coach &nbsp;e profissional da \u00e1rea de Estat\u00edstica&nbsp;e estas publica\u00e7\u00f5es s\u00e3o de uso exclusivo e estritamente proibida a sua<br \/>reprodu\u00e7\u00e3o sem autoriza\u00e7\u00e3o por escrito do detentor dos direitos autorais &nbsp;e est\u00e3o sujeitas as penalidades previstas em&nbsp;lei inclusive o nome deste Site; seja para fins de comercializa\u00e7\u00e3o, comunica\u00e7\u00e3o,&nbsp;&nbsp;distribui\u00e7\u00e3o dos materiais aqui editados,&nbsp;bem como a reprodu\u00e7\u00e3o total ou parcial, por qualquer meio ou processo,&nbsp;incluindo fotoc\u00f3pias e distribui\u00e7\u00e3o via computador.<o:p><\/o:p><\/span><\/p>\n<p><\/p>\n<p style=\"margin-bottom: 30pt; text-align: justify; line-height: 15pt; background-image: initial; background-position: initial; background-size: initial; background-repeat: initial; background-attachment: initial; background-origin: initial; background-clip: initial;\"><span style=\"font-size:12.0pt;font-family:&quot;Arial&quot;,sans-serif; mso-fareast-font-family:&quot;Times New Roman&quot;;color:#333333;mso-fareast-language: PT-BR\">&nbsp; &nbsp; &nbsp; &nbsp; &nbsp; &nbsp;O autor zela pelo direito de privacidade dos seus leitores. N\u00e3o repassando seus dados para terceiros e quando<br \/>necess\u00e1rio, seus dados pessoais s\u00e3o alterados com o objetivo de proteger suas&nbsp;identidades. No entanto, o conte\u00fado dos depoimentos apresentados \u00e9 sempre e&nbsp;garantidamente fidedigno e honesto.<o:p><\/o:p><\/span><\/p>\t\t\t\t\t\t\t\t<\/div>\n\t\t\t\t<\/div>\n\t\t\t\t\t<\/div>\n\t\t<\/div>\n\t\t\t\t\t<\/div>\n\t\t<\/section>\n\t\t\t\t<\/div>\n\t\t\n<div style=\"font-size: 0px; height: 0px; line-height: 0px; margin: 0; padding: 0; clear: both;\"><\/div>","protected":false},"excerpt":{"rendered":"<p>As informa\u00e7\u00f5es contidas neste site&nbsp;s\u00e3o publicadas exclusivamente para fins informativos e n\u00e3o podem serconsideradas como aconselhamento m\u00e9dico, psiqui\u00e1trico ou psicol\u00f3gico pessoal. O editor deste conte\u00fado n\u00e3o \u00e9 da \u00e1rea&nbsp;de sa\u00fade e n\u00e3o pratica a segmenta\u00e7\u00e3o dos profissionais que se dedicam&nbsp;aos cuidados e \u00e0 repara\u00e7\u00e3o de problemas relativos \u00e0 sa\u00fade mental &nbsp;a qualquer t\u00edtulo ou qualquer &hellip; <a href=\"https:\/\/relacionamentoadois.com.br\/para-acreditar-e-atrair-o-parceiro-ideal-para-um-relacionamento-feliz\/politica-de-privacidade\/\" class=\"more-link\">Continue lendo <span class=\"screen-reader-text\">POLITICA DE PRIVACIDADE<\/span> <span class=\"meta-nav\">&rarr;<\/span><\/a><\/p>\n","protected":false},"author":1,"featured_media":0,"parent":0,"menu_order":0,"comment_status":"closed","ping_status":"closed","template":"","meta":{"footnotes":""},"class_list":["post-568","page","type-page","status-publish","hentry"],"jetpack_sharing_enabled":true,"_links":{"self":[{"href":"https:\/\/relacionamentoadois.com.br\/para-acreditar-e-atrair-o-parceiro-ideal-para-um-relacionamento-feliz\/wp-json\/wp\/v2\/pages\/568","targetHints":{"allow":["GET"]}}],"collection":[{"href":"https:\/\/relacionamentoadois.com.br\/para-acreditar-e-atrair-o-parceiro-ideal-para-um-relacionamento-feliz\/wp-json\/wp\/v2\/pages"}],"about":[{"href":"https:\/\/relacionamentoadois.com.br\/para-acreditar-e-atrair-o-parceiro-ideal-para-um-relacionamento-feliz\/wp-json\/wp\/v2\/types\/page"}],"author":[{"embeddable":true,"href":"https:\/\/relacionamentoadois.com.br\/para-acreditar-e-atrair-o-parceiro-ideal-para-um-relacionamento-feliz\/wp-json\/wp\/v2\/users\/1"}],"replies":[{"embeddable":true,"href":"https:\/\/relacionamentoadois.com.br\/para-acreditar-e-atrair-o-parceiro-ideal-para-um-relacionamento-feliz\/wp-json\/wp\/v2\/comments?post=568"}],"version-history":[{"count":12,"href":"https:\/\/relacionamentoadois.com.br\/para-acreditar-e-atrair-o-parceiro-ideal-para-um-relacionamento-feliz\/wp-json\/wp\/v2\/pages\/568\/revisions"}],"predecessor-version":[{"id":597,"href":"https:\/\/relacionamentoadois.com.br\/para-acreditar-e-atrair-o-parceiro-ideal-para-um-relacionamento-feliz\/wp-json\/wp\/v2\/pages\/568\/revisions\/597"}],"wp:attachment":[{"href":"https:\/\/relacionamentoadois.com.br\/para-acreditar-e-atrair-o-parceiro-ideal-para-um-relacionamento-feliz\/wp-json\/wp\/v2\/media?parent=568"}],"curies":[{"name":"wp","href":"https:\/\/api.w.org\/{rel}","templated":true}]}}